{"id":611,"date":"2025-09-24T19:39:26","date_gmt":"2025-09-24T19:39:26","guid":{"rendered":"https:\/\/wall-of-fame.humboldt.edu.mx\/?page_id=611"},"modified":"2026-02-03T17:29:26","modified_gmt":"2026-02-03T17:29:26","slug":"contacto","status":"publish","type":"page","link":"https:\/\/wall-of-fame.humboldt.edu.mx\/?page_id=611","title":{"rendered":"Contacto"},"content":{"rendered":"<p>[et_pb_section fb_built=&#8221;1&#8243; _builder_version=&#8221;4.27.4&#8243; _module_preset=&#8221;default&#8221; custom_padding=&#8221;||0px|||&#8221; hover_enabled=&#8221;0&#8243; global_colors_info=&#8221;{}&#8221; custom_margin=&#8221;60px||||false|false&#8221; sticky_enabled=&#8221;0&#8243;][et_pb_row _builder_version=&#8221;4.27.4&#8243; _module_preset=&#8221;default&#8221; global_colors_info=&#8221;{}&#8221;][et_pb_column type=&#8221;4_4&#8243; _builder_version=&#8221;4.27.4&#8243; _module_preset=&#8221;default&#8221; global_colors_info=&#8221;{}&#8221;][et_pb_text _builder_version=&#8221;4.27.4&#8243; _module_preset=&#8221;default&#8221; custom_margin=&#8221;60px||||false|false&#8221; global_colors_info=&#8221;{}&#8221;]<\/p>\n<h2 style=\"text-align: center;\">Nueva convocatoria<\/h2>\n<p>[\/et_pb_text][\/et_pb_column][\/et_pb_row][\/et_pb_section][et_pb_section fb_built=&#8221;1&#8243; _builder_version=&#8221;4.27.4&#8243; _module_preset=&#8221;default&#8221; min_height=&#8221;494.7px&#8221; custom_padding=&#8221;0px|||||&#8221; global_colors_info=&#8221;{}&#8221;][et_pb_row column_structure=&#8221;1_2,1_2&#8243; _builder_version=&#8221;4.27.4&#8243; _module_preset=&#8221;default&#8221; min_height=&#8221;404.7px&#8221; global_colors_info=&#8221;{}&#8221;][et_pb_column type=&#8221;1_2&#8243; _builder_version=&#8221;4.27.4&#8243; _module_preset=&#8221;default&#8221; global_colors_info=&#8221;{}&#8221;][et_pb_text _builder_version=&#8221;4.27.4&#8243; _module_preset=&#8221;default&#8221; global_colors_info=&#8221;{}&#8221;]<\/p>\n<h2 class=\"x_MsoNormal\" style=\"text-align: left;\"><span data-olk-copy-source=\"MessageBody\">Querida comunidad,<\/span><\/h2>\n<p class=\"x_MsoNormal\" style=\"text-align: left;\"><span>Con mucha emoci\u00f3n les compartimos la segunda convocatoria para nuestro \u201cWall of Fame\u201d.<\/span><\/p>\n<p class=\"x_MsoNormal\" style=\"text-align: left;\"><span>En la primera edici\u00f3n nos dimos cuenta del gran legado que han dejado muchos de nuestros exalumnos y sabemos que a\u00fan faltan muchos m\u00e1s por reconocer.<\/span><\/p>\n<p class=\"x_MsoNormal\" style=\"text-align: left;\"><span>Ay\u00fadanos a postularlos para poder seguir enriqueciendo nuestro \u201cWall of Fame\u201d<\/span><\/p>\n<p class=\"x_MsoNormal\" style=\"text-align: left;\"><span>\u00a1Construyamos juntos un legado de excelencia deportiva!<\/span><\/p>\n<p class=\"x_MsoNormal\" style=\"text-align: left;\"><span>Manda tus propuestas antes del 28 de febrero de 2026 a trav\u00e9s del siguiente bot\u00f3n<\/span><\/p>\n<p>[\/et_pb_text][\/et_pb_column][et_pb_column type=&#8221;1_2&#8243; _builder_version=&#8221;4.27.4&#8243; _module_preset=&#8221;default&#8221; global_colors_info=&#8221;{}&#8221;][et_pb_image src=&#8221;https:\/\/wall-of-fame.humboldt.edu.mx\/wp-content\/uploads\/2026\/02\/Diseno-sin-titulo-24-1-2.jpg&#8221; _builder_version=&#8221;4.27.4&#8243; _module_preset=&#8221;default&#8221; title_text=&#8221;Disen\u0303o sin ti\u0301tulo (24) (1) (2)&#8221; hover_enabled=&#8221;0&#8243; sticky_enabled=&#8221;0&#8243; align=&#8221;center&#8221;][\/et_pb_image][et_pb_button button_url=&#8221;https:\/\/docs.google.com\/forms\/d\/e\/1FAIpQLSe9dPhtzI2KnXduGH7FOLttNRXVPG-KUx67Ye4F4Y0uTNhMAg\/viewform?usp=header&#8221; url_new_window=&#8221;on&#8221; button_text=&#8221;Postulate aqu\u00ed&#8221; button_alignment=&#8221;center&#8221; _builder_version=&#8221;4.27.4&#8243; _module_preset=&#8221;default&#8221; button_text_color=&#8221;#FFFFFF&#8221; button_bg_color=&#8221;#002e6d&#8221; custom_margin=&#8221;||||false|false&#8221; hover_enabled=&#8221;0&#8243; global_colors_info=&#8221;{}&#8221; sticky_enabled=&#8221;0&#8243;][\/et_pb_button][\/et_pb_column][\/et_pb_row][\/et_pb_section]<\/p>\n","protected":false},"excerpt":{"rendered":"<p>Nueva convocatoriaQuerida comunidad, Con mucha emoci\u00f3n les compartimos la segunda convocatoria para nuestro \u201cWall of Fame\u201d. En la primera edici\u00f3n nos dimos cuenta del gran legado que han dejado muchos de nuestros exalumnos y sabemos que a\u00fan faltan muchos m\u00e1s por reconocer. Ay\u00fadanos a postularlos para poder seguir enriqueciendo nuestro \u201cWall of Fame\u201d \u00a1Construyamos juntos [&hellip;]<\/p>\n","protected":false},"author":1,"featured_media":0,"parent":0,"menu_order":0,"comment_status":"closed","ping_status":"closed","template":"","meta":{"_et_pb_use_builder":"on","_et_pb_old_content":"","_et_gb_content_width":"","footnotes":""},"class_list":["post-611","page","type-page","status-publish","hentry"],"_links":{"self":[{"href":"https:\/\/wall-of-fame.humboldt.edu.mx\/index.php?rest_route=\/wp\/v2\/pages\/611","targetHints":{"allow":["GET"]}}],"collection":[{"href":"https:\/\/wall-of-fame.humboldt.edu.mx\/index.php?rest_route=\/wp\/v2\/pages"}],"about":[{"href":"https:\/\/wall-of-fame.humboldt.edu.mx\/index.php?rest_route=\/wp\/v2\/types\/page"}],"author":[{"embeddable":true,"href":"https:\/\/wall-of-fame.humboldt.edu.mx\/index.php?rest_route=\/wp\/v2\/users\/1"}],"replies":[{"embeddable":true,"href":"https:\/\/wall-of-fame.humboldt.edu.mx\/index.php?rest_route=%2Fwp%2Fv2%2Fcomments&post=611"}],"version-history":[{"count":18,"href":"https:\/\/wall-of-fame.humboldt.edu.mx\/index.php?rest_route=\/wp\/v2\/pages\/611\/revisions"}],"predecessor-version":[{"id":809,"href":"https:\/\/wall-of-fame.humboldt.edu.mx\/index.php?rest_route=\/wp\/v2\/pages\/611\/revisions\/809"}],"wp:attachment":[{"href":"https:\/\/wall-of-fame.humboldt.edu.mx\/index.php?rest_route=%2Fwp%2Fv2%2Fmedia&parent=611"}],"curies":[{"name":"wp","href":"https:\/\/api.w.org\/{rel}","templated":true}]}}